{"id":8974,"date":"2019-06-18T14:47:12","date_gmt":"2019-06-18T12:47:12","guid":{"rendered":"http:\/\/www.laboreo.es\/?page_id=8974"},"modified":"2019-06-18T14:47:12","modified_gmt":"2019-06-18T12:47:12","slug":"avis-juridique","status":"publish","type":"page","link":"https:\/\/www.laboreo.es\/?page_id=8974","title":{"rendered":"Avis juridique"},"content":{"rendered":"<p>[vc_row row_style=\u00bbfull-width\u00bb padding_size=\u00bbno-padding\u00bb][vc_column padding_size=\u00bbno-padding\u00bb][wyde_section_separator style=\u00bb3&#8243; background_color=\u00bb#ffffff\u00bb shape_color=\u00bb#3ab54a\u00bb][\/vc_column][\/vc_row][vc_row][vc_column][wyde_heading style=\u00bb8&#8243; text_align=\u00bbleft\u00bb title=\u00bbConditions Generales d\u00b4utilisation\u00bb subheading=\u00bb01&#8243;][vc_empty_space][vc_column_text]Ces conditions l\u00e9gales r\u00e9gissent l&#8217;utilisation autoris\u00e9e de cette page Web mise \u00e0 la disposition des utilisateurs d&#8217;Internet par LABOREO. Si vous n&#8217;\u00eates pas satisfait de ces conditions l\u00e9gales, vous devez quitter cette page Web.<\/p>\n<p>LABOREO n&#8217;est pas responsable de l&#8217;exactitude, de la mise \u00e0 jour et de l&#8217;exhaustivit\u00e9 des informations fournies ici.<\/p>\n<p>L\u2019acc\u00e8s et \/ ou l\u2019utilisation de ce site de LABOREO attribue la condition d\u2019UTILISATEUR, qui accepte, \u00e0 partir dudit acc\u00e8s et \/ ou de cette utilisation, les Conditions g\u00e9n\u00e9rales d\u2019utilisation \u00e9num\u00e9r\u00e9es ici. Les conditions susmentionn\u00e9es seront appliqu\u00e9es ind\u00e9pendamment des conditions g\u00e9n\u00e9rales du contrat qui, dans leur cas, sont obligatoires.<\/p>\n<p>LABOREO se r\u00e9serve le droit de modifier tout ou partie de notre offre sans pr\u00e9avis et \u00e9galement d&#8217;annuler temporairement ou d\u00e9finitivement ce site.<\/p>\n<p>LABOREO n&#8217;assume aucune responsabilit\u00e9 pour le contenu et les informations des liens directs ou indirects fournis avec d&#8217;autres pages Web (liens hypertextes) pouvant \u00eatre cr\u00e9\u00e9s \u00e0 partir de cette page Web.<\/p>\n<p>LABOREO n&#8217;est en aucun cas responsable des dommages de toute nature qui pourraient \u00eatre caus\u00e9s, \u00e0 titre d&#8217;exemple : erreurs ou omissions dans le contenu, manque de disponibilit\u00e9 du portail ou transmission de virus ou de programmes malveillants ou nuisibles dans le contenu, en d\u00e9pit d&#8217;avoir adopt\u00e9 toutes les mesures techniques n\u00e9cessaires pour l&#8217;\u00e9viter.<\/p>\n<p>Toute reproduction ou utilisation de graphiques, fichiers sonores, s\u00e9quences vid\u00e9o et textes de cette page Web est totalement interdite sans l&#8217;autorisation directe de LABOREO.<\/p>\n<p>Toutes les donn\u00e9es personnelles ou commerciales (adresses e-mail, noms, adresses) re\u00e7ues sur ce site seront fournies \u00e0 titre volontaire et ne seront utilis\u00e9es que de mani\u00e8re interne.[\/vc_column_text][\/vc_column][\/vc_row][vc_row][vc_column][wyde_heading style=\u00bb8&#8243; text_align=\u00bbleft\u00bb title=\u00bbUtilisation du Web\u00bb subheading=\u00bb02&#8243;][vc_empty_space][vc_column_text]L&#8217;utilisateur s&#8217;engage \u00e0 utiliser le site, les services et son contenu de mani\u00e8re diligente, correcte et l\u00e9gale et doit notamment s&#8217;abstenir de :<\/p>\n<p>\u00c9liminer, \u00e9luder ou manipuler le \u00abdroit d&#8217;auteur\u00bb et les autres donn\u00e9es identifiant les droits de leurs propri\u00e9taires incorpor\u00e9s dans le contenu, ainsi que les dispositifs de protection technique ou tout m\u00e9canisme d&#8217;information pouvant contenir le contenu ; Entrer des programmes, des virus, des macros ou tout autre p\u00e9riph\u00e9rique logique ou s\u00e9quence de caract\u00e8res causant ou pouvant alt\u00e9rer un type de modification de la page Web ou des syst\u00e8mes informatiques qui le prennent en charge.<\/p>\n<p>Utiliser ou installer des programmes ou des appareils capables d\u2019invalider les contr\u00f4les de s\u00e9curit\u00e9 ou les mots de passe, d\u00e9finis par LABOREO, qui ne peuvent pas non plus d\u00e9chiffrer des cl\u00e9s de chiffrement, des syst\u00e8mes ou des algorithmes ou tout autre \u00e9l\u00e9ment de s\u00e9curit\u00e9 du site web ou de ses utilisateurs; faire une copie ou une capture d&#8217;\u00e9cran du site web, sans l&#8217;autorisation expresse de LABOREO; faire des copies ou des versions du site Web ou de son code source, sans le consentement explicite de LABOREO; effectuer tout type de comportement contraire \u00e0 la loi ou \u00e0 la bonne foi.[\/vc_column_text][\/vc_column][\/vc_row][vc_row][vc_column][wyde_heading style=\u00bb8&#8243; text_align=\u00bbleft\u00bb title=\u00bbDroit d\u00b4exclusion\u00bb subheading=\u00bb03&#8243;][vc_empty_space][vc_column_text]LABOREO se r\u00e9serve le droit de refuser ou de retirer l&#8217;acc\u00e8s au portail et \/ ou aux services offerts sans pr\u00e9avis, en son nom propre ou par un tiers, aux utilisateurs qui ne se conforment pas aux pr\u00e9sentes conditions g\u00e9n\u00e9rales d&#8217;utilisation.[\/vc_column_text][\/vc_column][\/vc_row][vc_row][vc_column][wyde_heading style=\u00bb8&#8243; text_align=\u00bbleft\u00bb title=\u00bbG\u00e9n\u00e9ralit\u00e9s\u00bb subheading=\u00bb04&#8243;][vc_empty_space][vc_column_text]LABOREO recherchera la violation de ces conditions, ainsi que de toute utilisation abusive de son site Web, en exer\u00e7ant toutes les actions civiles et p\u00e9nales qui lui correspondent dans la loi.[\/vc_column_text][\/vc_column][\/vc_row][vc_row][vc_column][vc_row_inner][vc_column_inner][wyde_heading style=\u00bb8&#8243; text_align=\u00bbleft\u00bb title=\u00bbPropri\u00e9t\u00e9 intellectuelle et industrielle\u00bb subheading=\u00bb05&#8243;][vc_empty_space][vc_column_text]LABOREO est titulaire de tous les droits de propri\u00e9t\u00e9 intellectuelle et industrielle de son site Web, ainsi que des \u00e9l\u00e9ments qu&#8217;il contient (par exemple, images, son, audio, vid\u00e9o, logiciels ou textes, marques ou logos, combinaisons de couleurs, structure et conception, s\u00e9lection des mat\u00e9riaux utilis\u00e9s, programmes informatiques n\u00e9cessaires \u00e0 son fonctionnement, acc\u00e8s et utilisation, etc.), propri\u00e9t\u00e9 de LABOREO ou de ses conc\u00e9dants de licence.<\/p>\n<p>Tous droits r\u00e9serv\u00e9s. En vertu des dispositions de la loi sur la propri\u00e9t\u00e9 intellectuelle, la reproduction, la distribution et la communication publique, y compris la forme sous laquelle elle est disponible, tout ou partie du contenu de cette page Web, \u00e0 des fins commerciales, sont express\u00e9ment interdites sur tout support et par tout moyen technique, sans l&#8217;autorisation de LABOREO.<\/p>\n<p>L&#8217;UTILISATEUR s&#8217;engage \u00e0 respecter les droits de propri\u00e9t\u00e9 intellectuelle et industrielle appartenant \u00e0 LABOREO. Vous pouvez afficher les \u00e9l\u00e9ments du portail et m\u00eame les imprimer, les copier et les stocker sur le disque dur de votre ordinateur ou sur tout autre support physique, \u00e0 condition que ce soit uniquement et exclusivement pour votre usage personnel et priv\u00e9. L&#8217;UTILISATEUR doit s&#8217;abstenir de supprimer, modifier, \u00e9luder ou manipuler tout dispositif de protection ou syst\u00e8me de s\u00e9curit\u00e9 install\u00e9 sur les pages de LABOREO.[\/vc_column_text][\/vc_column_inner][\/vc_row_inner][\/vc_column][\/vc_row][vc_row][vc_column][wyde_heading style=\u00bb8&#8243; text_align=\u00bbleft\u00bb title=\u00bbL\u00e9gislation et Juridiction\u00bb subheading=\u00bb06&#8243;][vc_empty_space][vc_column_text]Ce site Web est soumis au droit espagnol et, en cas de controverse ou de controverse r\u00e9sultant de l&#8217;utilisation de ce site Web, les deux parties se soumettent \u00e0 la juridiction des tribunaux de la ville de C\u00f3rdoba (Espagne). Cette clause de pr\u00e9sentation expresse aux tribunaux de la ville de C\u00f3rdoba (Espagne) ne sera pas applicable en cas de litige avec les utilisateurs du Web qui, selon la l\u00e9gislation en vigueur, ont le statut de consommateur, auquel cas les parties seront soumises \u00e0 la juridiction des tribunaux et des tribunaux de r\u00e9sidence du consommateur.[\/vc_column_text][vc_empty_space height=\u00bb100px\u00bb][\/vc_column][\/vc_row]<\/p>\n","protected":false},"excerpt":{"rendered":"<p>[vc_row row_style=\u00bbfull-width\u00bb padding_size=\u00bbno-padding\u00bb][vc_column padding_size=\u00bbno-padding\u00bb][wyde_section_separator style=\u00bb3&#8243; background_color=\u00bb#ffffff\u00bb shape_color=\u00bb#3ab54a\u00bb][\/vc_column][\/vc_row][vc_row][vc_column][wyde_heading style=\u00bb8&#8243; text_align=\u00bbleft\u00bb title=\u00bbConditions Generales d\u00b4utilisation\u00bb subheading=\u00bb01&#8243;][vc_empty_space][vc_column_text]Ces conditions l\u00e9gales r\u00e9gissent l&#8217;utilisation autoris\u00e9e de cette page Web mise \u00e0 la disposition des utilisateurs d&#8217;Internet par LABOREO. Si vous n&#8217;\u00eates pas satisfait de ces conditions l\u00e9gales, vous devez quitter cette page Web. LABOREO n&#8217;est pas responsable de l&#8217;exactitude, de la mise [&hellip;]<\/p>\n","protected":false},"author":1,"featured_media":0,"parent":0,"menu_order":0,"comment_status":"closed","ping_status":"closed","template":"","meta":{"footnotes":""},"class_list":["post-8974","page","type-page","status-publish","hentry"],"_links":{"self":[{"href":"https:\/\/www.laboreo.es\/index.php?rest_route=\/wp\/v2\/pages\/8974","targetHints":{"allow":["GET"]}}],"collection":[{"href":"https:\/\/www.laboreo.es\/index.php?rest_route=\/wp\/v2\/pages"}],"about":[{"href":"https:\/\/www.laboreo.es\/index.php?rest_route=\/wp\/v2\/types\/page"}],"author":[{"embeddable":true,"href":"https:\/\/www.laboreo.es\/index.php?rest_route=\/wp\/v2\/users\/1"}],"replies":[{"embeddable":true,"href":"https:\/\/www.laboreo.es\/index.php?rest_route=%2Fwp%2Fv2%2Fcomments&post=8974"}],"version-history":[{"count":1,"href":"https:\/\/www.laboreo.es\/index.php?rest_route=\/wp\/v2\/pages\/8974\/revisions"}],"predecessor-version":[{"id":8975,"href":"https:\/\/www.laboreo.es\/index.php?rest_route=\/wp\/v2\/pages\/8974\/revisions\/8975"}],"wp:attachment":[{"href":"https:\/\/www.laboreo.es\/index.php?rest_route=%2Fwp%2Fv2%2Fmedia&parent=8974"}],"curies":[{"name":"wp","href":"https:\/\/api.w.org\/{rel}","templated":true}]}}