{"id":8914,"date":"2019-06-18T11:50:48","date_gmt":"2019-06-18T09:50:48","guid":{"rendered":"http:\/\/www.laboreo.es\/?page_id=8914"},"modified":"2024-05-06T10:05:39","modified_gmt":"2024-05-06T08:05:39","slug":"inicio","status":"publish","type":"page","link":"https:\/\/www.laboreo.es\/?page_id=8914&lang=es","title":{"rendered":"Inicio"},"content":{"rendered":"<p>[vc_row row_style=\u00bbfull-width\u00bb padding_size=\u00bbno-padding\u00bb][vc_column padding_size=\u00bbno-padding\u00bb][rev_slider_vc][wyde_section_separator style=\u00bb4&#8243; background_color=\u00bb#ffffff\u00bb shape_color=\u00bb#3ab54a\u00bb][\/vc_column][\/vc_row][vc_row vertical_align=\u00bbbottom\u00bb css=\u00bb.vc_custom_1461334320574{padding-bottom: 0px !important;}\u00bb][vc_column width=\u00bb2\/3&#8243;][wyde_heading text_align=\u00bbright\u00bb title=\u00bbSOBRE NOSOTROS\u00bb][vc_empty_space height=\u00bb20px\u00bb][vc_row_inner][vc_column_inner padding_size=\u00bbno-padding\u00bb offset=\u00bbvc_col-lg-10 vc_col-md-12&#8243;][vc_empty_space height=\u00bb20px\u00bb][vc_column_text]<\/p>\n<p style=\"text-align: left;\"><strong>LABOREO<\/strong> (Laboreo de Conservaci\u00f3n, SA) tiene su sede en C\u00f3rdoba (Andaluc\u00eda, sur de Espa\u00f1a) y se fund\u00f3 en 1996 para la gesti\u00f3n de fincas y el comercio de productos agr\u00edcolas, con una clara orientaci\u00f3n hacia m\u00e9todos sostenibles y respetuosos con el medio ambiente, con el fin de producir y comercializar productos de m\u00e1xima calidad.<\/p>\n<p style=\"text-align: left;\">Hoy nuestra actividad principal se basa en el <strong>comercio de semillas, especialmente semillas org\u00e1nicas (BIO).<\/strong> La experiencia internacional de nuestro equipo y la calidad de nuestros productos nos han llevado hacia mercados externos. Hoy en d\u00eda, LABOREO exporta <strong>m\u00e1s del 80% de las ventas totales, principalmente a clientes europeos.<\/strong><\/p>\n<p style=\"text-align: left;\">Nuestras principales certificaciones son ISO 22000 (seguridad alimentaria), GTP (buenas pr\u00e1cticas comerciales) y CAAE (ecol\u00f3gico). El pilar principal de nuestro negocio es <strong>suministrar semillas de alta calidad a la industria agroalimentaria, tanto en la elaboraci\u00f3n de productos para alimentaci\u00f3n humana como alimentaci\u00f3n animal.<\/strong><\/p>\n<p style=\"text-align: left;\">LABOREO participa y tiene acuerdos de colaboraci\u00f3n con otras empresas dentro del sector agroalimentario en Andaluc\u00eda, Castilla-La Mancha, Arag\u00f3n y Murcia.<\/p>\n<p style=\"text-align: left;\">Pertenecemos a importantes grupos de influencia relacionados con el agro: ACCOE, FCS SPAIN (ELO), ECOVALIA \/ CAAE y FUNDACION SAVIA.<\/p>\n<p>[\/vc_column_text][vc_empty_space height=\u00bb100px\u00bb][\/vc_column_inner][vc_column_inner offset=\u00bbvc_col-lg-2 vc_hidden-sm vc_hidden-xs\u00bb][\/vc_column_inner][\/vc_row_inner][\/vc_column][vc_column width=\u00bb1\/3&#8243;][\/vc_column][\/vc_row]<\/p>\n","protected":false},"excerpt":{"rendered":"<p>[vc_row row_style=\u00bbfull-width\u00bb padding_size=\u00bbno-padding\u00bb][vc_column padding_size=\u00bbno-padding\u00bb][rev_slider_vc][wyde_section_separator style=\u00bb4&#8243; background_color=\u00bb#ffffff\u00bb shape_color=\u00bb#3ab54a\u00bb][\/vc_column][\/vc_row][vc_row vertical_align=\u00bbbottom\u00bb css=\u00bb.vc_custom_1461334320574{padding-bottom: 0px !important;}\u00bb][vc_column width=\u00bb2\/3&#8243;][wyde_heading text_align=\u00bbright\u00bb title=\u00bbSOBRE NOSOTROS\u00bb][vc_empty_space height=\u00bb20px\u00bb][vc_row_inner][vc_column_inner padding_size=\u00bbno-padding\u00bb offset=\u00bbvc_col-lg-10 vc_col-md-12&#8243;][vc_empty_space height=\u00bb20px\u00bb][vc_column_text] LABOREO (Laboreo de Conservaci\u00f3n, SA) tiene su sede en C\u00f3rdoba (Andaluc\u00eda, sur de Espa\u00f1a) y se fund\u00f3 en 1996 para la gesti\u00f3n de fincas y el comercio de productos agr\u00edcolas, con una clara orientaci\u00f3n hacia [&hellip;]<\/p>\n","protected":false},"author":1,"featured_media":0,"parent":0,"menu_order":0,"comment_status":"closed","ping_status":"closed","template":"","meta":{"footnotes":""},"class_list":["post-8914","page","type-page","status-publish","hentry"],"_links":{"self":[{"href":"https:\/\/www.laboreo.es\/index.php?rest_route=\/wp\/v2\/pages\/8914","targetHints":{"allow":["GET"]}}],"collection":[{"href":"https:\/\/www.laboreo.es\/index.php?rest_route=\/wp\/v2\/pages"}],"about":[{"href":"https:\/\/www.laboreo.es\/index.php?rest_route=\/wp\/v2\/types\/page"}],"author":[{"embeddable":true,"href":"https:\/\/www.laboreo.es\/index.php?rest_route=\/wp\/v2\/users\/1"}],"replies":[{"embeddable":true,"href":"https:\/\/www.laboreo.es\/index.php?rest_route=%2Fwp%2Fv2%2Fcomments&post=8914"}],"version-history":[{"count":5,"href":"https:\/\/www.laboreo.es\/index.php?rest_route=\/wp\/v2\/pages\/8914\/revisions"}],"predecessor-version":[{"id":11261,"href":"https:\/\/www.laboreo.es\/index.php?rest_route=\/wp\/v2\/pages\/8914\/revisions\/11261"}],"wp:attachment":[{"href":"https:\/\/www.laboreo.es\/index.php?rest_route=%2Fwp%2Fv2%2Fmedia&parent=8914"}],"curies":[{"name":"wp","href":"https:\/\/api.w.org\/{rel}","templated":true}]}}