{"id":8885,"date":"2019-06-18T10:04:45","date_gmt":"2019-06-18T08:04:45","guid":{"rendered":"http:\/\/www.laboreo.es\/?page_id=8885"},"modified":"2019-06-18T10:53:12","modified_gmt":"2019-06-18T08:53:12","slug":"aviso-legal","status":"publish","type":"page","link":"https:\/\/www.laboreo.es\/?page_id=8885&lang=es","title":{"rendered":"Aviso Legal"},"content":{"rendered":"<p>[vc_row row_style=\u00bbfull-width\u00bb padding_size=\u00bbno-padding\u00bb][vc_column padding_size=\u00bbno-padding\u00bb][wyde_section_separator style=\u00bb3&#8243; background_color=\u00bb#ffffff\u00bb shape_color=\u00bb#3ab54a\u00bb][\/vc_column][\/vc_row][vc_row][vc_column][wyde_heading style=\u00bb8&#8243; text_align=\u00bbleft\u00bb title=\u00bbCondiciones Generales de Uso\u00bb subheading=\u00bb01&#8243;][vc_empty_space][vc_column_text]Estas condiciones legales regulan el uso permitido de esta p\u00e1gina web que LABOREO pone a disposici\u00f3n de los usuarios de Internet. Si no est\u00e1 satisfecho con estas condiciones legales, debe abandonar esta p\u00e1gina web.<\/p>\n<p>LABOREO no es responsable de la exactitud, actualizaci\u00f3n e integridad de la informaci\u00f3n proporcionada aqu\u00ed.<\/p>\n<p>El acceso y \/ o uso de esta web de LABOREO atribuye la condici\u00f3n de USUARIO, que acepta, a partir de dicho acceso y \/ o uso, las Condiciones Generales de Uso aqu\u00ed reflejadas. Las Condiciones mencionadas anteriormente se aplicar\u00e1n independientemente de las Condiciones Generales del Contrato que en su caso son obligatorias.<\/p>\n<p>LABOREO se reserva el derecho de cambiar toda o parte de nuestra oferta sin previo aviso, y tambi\u00e9n de cancelar esta p\u00e1gina web de forma temporal o permanente.<\/p>\n<p>LABOREO no asume ninguna responsabilidad por el contenido y la informaci\u00f3n de los enlaces directos o indirectos proporcionados a otras p\u00e1ginas web (hiperv\u00ednculos) que podr\u00edan realizarse desde esta p\u00e1gina web.<\/p>\n<p>LABOREO no es responsable, en ning\u00fan caso, de los da\u00f1os de ning\u00fan tipo que puedan ser causados, a modo de ejemplo: errores u omisiones en los contenidos, falta de disponibilidad del portal o transmisi\u00f3n de virus o programas maliciosos o da\u00f1inos en los contenidos, A pesar de haber adoptado todas las medidas tecnol\u00f3gicas necesarias para evitarlo.<\/p>\n<p>Est\u00e1 totalmente prohibido cualquier reproducci\u00f3n o uso de gr\u00e1ficos, archivos de sonido, secuencias de video y textos dentro de esta p\u00e1gina web sin la autorizaci\u00f3n directa de LABOREO.<\/p>\n<p>Todos los datos personales o comerciales (direcciones de correo electr\u00f3nico, nombres, direcciones) recibidos en esta p\u00e1gina web se facilitar\u00e1n de forma voluntaria y solo se utilizar\u00e1n de forma interna.<\/p>\n<p>&nbsp;<\/p>\n<p>&nbsp;<\/p>\n<p>[\/vc_column_text][\/vc_column][\/vc_row][vc_row][vc_column][wyde_heading style=\u00bb8&#8243; text_align=\u00bbleft\u00bb title=\u00bbUso de la Web\u00bb subheading=\u00bb02&#8243;][vc_empty_space][vc_column_text]El Usuario se compromete a utilizar el sitio web, los servicios y sus contenidos de manera diligente, correcta y legal y, en particular, debe abstenerse de:<\/p>\n<p>Eliminar, evadir o manipular los \u00abderechos de autor\u00bb y otros datos que identifican los derechos de sus propietarios incorporados en el contenido, as\u00ed como los dispositivos de protecci\u00f3n t\u00e9cnica o cualquier mecanismo de informaci\u00f3n que pueda contener el contenido; Introduzca programas, virus, macros o cualquier otro dispositivo l\u00f3gico o secuencia de caracteres que provoque o pueda causar alg\u00fan tipo de alteraci\u00f3n en la p\u00e1gina web o en los sistemas inform\u00e1ticos que lo admiten.<\/p>\n<p>Utilice o instale programas o dispositivos capaces de invalidar controles de seguridad o contrase\u00f1as, establecidos por LABOREO, que tienen igualmente prohibido descifrar claves de cifrado, sistemas o algoritmos o cualquier otro elemento de seguridad del sitio web o cualquiera de sus usuarios; Haga una copia o captura de pantalla del sitio web, sin la autorizaci\u00f3n expresa de LABOREO; Haga copias o versiones del sitio web o su c\u00f3digo fuente, sin el consentimiento expreso de LABOREO; Realizar cualquier tipo de comportamiento contrario a la ley o la buena fe.[\/vc_column_text][\/vc_column][\/vc_row][vc_row][vc_column][wyde_heading style=\u00bb8&#8243; text_align=\u00bbleft\u00bb title=\u00bbDerecho de exclusi\u00f3n\u00bb subheading=\u00bb03&#8243;][vc_empty_space][vc_column_text]LABOREO se reserva el derecho de denegar o retirar el acceso al portal y \/ o los servicios ofrecidos sin previo aviso, por su cuenta o por un tercero, a aquellos usuarios que no cumplan con estas Condiciones Generales de Uso.[\/vc_column_text][\/vc_column][\/vc_row][vc_row][vc_column][wyde_heading style=\u00bb8&#8243; text_align=\u00bbleft\u00bb title=\u00bbGeneralidades\u00bb subheading=\u00bb04&#8243;][vc_empty_space][vc_column_text]LABOREO buscar\u00e1 el incumplimiento de estas condiciones, as\u00ed como cualquier uso indebido de su portal, ejerciendo todas las acciones civiles y penales que le correspondan en la ley.[\/vc_column_text][\/vc_column][\/vc_row][vc_row][vc_column][vc_row_inner][vc_column_inner][wyde_heading style=\u00bb8&#8243; text_align=\u00bbleft\u00bb title=\u00bbPropiedad intelectual e industrial\u00bb subheading=\u00bb05&#8243;][vc_empty_space][vc_column_text]LABOREO es el propietario de todos los derechos de propiedad intelectual e industrial de su sitio web, as\u00ed como de los elementos que contiene (por ejemplo, im\u00e1genes, sonido, audio, video, software o textos, marcas comerciales o logotipos, combinaciones de colores, estructura y dise\u00f1o, selecci\u00f3n de materiales usados, programas de computadora necesarios para su operaci\u00f3n, acceso y uso, etc.), propiedad de LABOREO o sus licenciantes.<\/p>\n<p>Todos los derechos reservados. En virtud de las disposiciones de la Ley de Propiedad Intelectual, la reproducci\u00f3n, distribuci\u00f3n y comunicaci\u00f3n p\u00fablica, incluida la forma en que est\u00e1 disponible, la totalidad o parte de los contenidos de esta p\u00e1gina web, para fines comerciales, est\u00e1n expresamente prohibidas en cualquier soporte y Por cualquier medio t\u00e9cnico, sin la autorizaci\u00f3n de LABOREO.<\/p>\n<p>El USUARIO se compromete a respetar los derechos de Propiedad Intelectual e Industrial propiedad de LABOREO. Podr\u00e1 visualizar los elementos del portal e incluso imprimirlos, copiarlos y almacenarlos en el disco duro de su computadora o en cualquier otro medio f\u00edsico, siempre y cuando sea \u00fanica y exclusivamente para su uso personal y privado. El USUARIO debe abstenerse de eliminar, alterar, evadir o manipular cualquier dispositivo de protecci\u00f3n o sistema de seguridad que se haya instalado en las p\u00e1ginas de LABOREO.[\/vc_column_text][\/vc_column_inner][\/vc_row_inner][\/vc_column][\/vc_row][vc_row][vc_column][wyde_heading style=\u00bb8&#8243; text_align=\u00bbleft\u00bb title=\u00bbLegislaci\u00f3n y Jurisdicci\u00f3n\u00bb subheading=\u00bb06&#8243;][vc_empty_space][vc_column_text]Este sitio web est\u00e1 sujeto a la legislaci\u00f3n espa\u00f1ola y, en caso de controversia o controversia derivada del uso de este sitio web, ambas partes se someten a la jurisdicci\u00f3n de los tribunales de la ciudad de C\u00f3rdoba (Espa\u00f1a). Esta cl\u00e1usula de presentaci\u00f3n expresa a los tribunales de la ciudad de C\u00f3rdoba (Espa\u00f1a), no ser\u00e1 aplicable para los casos de disputa con los usuarios de la web que, de acuerdo con la legislaci\u00f3n vigente, tengan el estatus de consumidores, en cuyo caso ambas partes estar\u00e1 sujeto a la jurisdicci\u00f3n de los Tribunales y Tribunales de residencia del consumidor.[\/vc_column_text][vc_empty_space height=\u00bb100px\u00bb][\/vc_column][\/vc_row]<\/p>\n","protected":false},"excerpt":{"rendered":"<p>[vc_row row_style=\u00bbfull-width\u00bb padding_size=\u00bbno-padding\u00bb][vc_column padding_size=\u00bbno-padding\u00bb][wyde_section_separator style=\u00bb3&#8243; background_color=\u00bb#ffffff\u00bb shape_color=\u00bb#3ab54a\u00bb][\/vc_column][\/vc_row][vc_row][vc_column][wyde_heading style=\u00bb8&#8243; text_align=\u00bbleft\u00bb title=\u00bbCondiciones Generales de Uso\u00bb subheading=\u00bb01&#8243;][vc_empty_space][vc_column_text]Estas condiciones legales regulan el uso permitido de esta p\u00e1gina web que LABOREO pone a disposici\u00f3n de los usuarios de Internet. Si no est\u00e1 satisfecho con estas condiciones legales, debe abandonar esta p\u00e1gina web. LABOREO no es responsable de la exactitud, actualizaci\u00f3n [&hellip;]<\/p>\n","protected":false},"author":1,"featured_media":0,"parent":0,"menu_order":0,"comment_status":"closed","ping_status":"closed","template":"","meta":{"footnotes":""},"class_list":["post-8885","page","type-page","status-publish","hentry"],"_links":{"self":[{"href":"https:\/\/www.laboreo.es\/index.php?rest_route=\/wp\/v2\/pages\/8885","targetHints":{"allow":["GET"]}}],"collection":[{"href":"https:\/\/www.laboreo.es\/index.php?rest_route=\/wp\/v2\/pages"}],"about":[{"href":"https:\/\/www.laboreo.es\/index.php?rest_route=\/wp\/v2\/types\/page"}],"author":[{"embeddable":true,"href":"https:\/\/www.laboreo.es\/index.php?rest_route=\/wp\/v2\/users\/1"}],"replies":[{"embeddable":true,"href":"https:\/\/www.laboreo.es\/index.php?rest_route=%2Fwp%2Fv2%2Fcomments&post=8885"}],"version-history":[{"count":1,"href":"https:\/\/www.laboreo.es\/index.php?rest_route=\/wp\/v2\/pages\/8885\/revisions"}],"predecessor-version":[{"id":8886,"href":"https:\/\/www.laboreo.es\/index.php?rest_route=\/wp\/v2\/pages\/8885\/revisions\/8886"}],"wp:attachment":[{"href":"https:\/\/www.laboreo.es\/index.php?rest_route=%2Fwp%2Fv2%2Fmedia&parent=8885"}],"curies":[{"name":"wp","href":"https:\/\/api.w.org\/{rel}","templated":true}]}}