{"id":8883,"date":"2019-06-18T09:55:19","date_gmt":"2019-06-18T07:55:19","guid":{"rendered":"http:\/\/www.laboreo.es\/?page_id=8883"},"modified":"2019-06-18T10:55:46","modified_gmt":"2019-06-18T08:55:46","slug":"contacto","status":"publish","type":"page","link":"https:\/\/www.laboreo.es\/?page_id=8883&lang=es","title":{"rendered":"Contacto"},"content":{"rendered":"<p>[vc_row row_style=\u00bbfull-width\u00bb padding_size=\u00bbno-padding\u00bb][vc_column padding_size=\u00bbno-padding\u00bb][wyde_section_separator style=\u00bb2&#8243; reflect=\u00bbreflect-h\u00bb background_color=\u00bb#ffffff\u00bb][\/vc_column][\/vc_row][vc_row padding_size=\u00bbxl-padding\u00bb][vc_column][vc_row_inner][vc_column_inner][vc_empty_space][vc_column_text]Si desea contactarnos sobre cualquiera de nuestros productos o servicios, complete el formulario a continuaci\u00f3n, env\u00edenos un correo electr\u00f3nico o llame directamente a nuestra oficina.[\/vc_column_text][vc_empty_space][vc_column_text]Laboreo Agribusiness<br \/>\nLaboreo de Conservaci\u00f3n, S.A.<br \/>\nLos Plateros 15. 14006 C\u00f3rdoba, Spain.<br \/>\nTel. (+34) 957 768 048<br \/>\nFax. (+34) 957 274 500<br \/>\ne-mail: laboreo@laboreo.es[\/vc_column_text][\/vc_column_inner][\/vc_row_inner][vc_empty_space]\n<div class=\"wpcf7 no-js\" id=\"wpcf7-f4-o1\" lang=\"es-ES\" dir=\"ltr\" data-wpcf7-id=\"4\">\n<div class=\"screen-reader-response\"><p role=\"status\" aria-live=\"polite\" aria-atomic=\"true\"><\/p> <ul><\/ul><\/div>\n<form action=\"\/index.php?rest_route=%2Fwp%2Fv2%2Fpages%2F8883#wpcf7-f4-o1\" method=\"post\" class=\"wpcf7-form init\" aria-label=\"Formulario de contacto\" novalidate=\"novalidate\" data-status=\"init\">\n<fieldset class=\"hidden-fields-container\"><input type=\"hidden\" name=\"_wpcf7\" value=\"4\" \/><input type=\"hidden\" name=\"_wpcf7_version\" value=\"6.1.5\" \/><input type=\"hidden\" name=\"_wpcf7_locale\" value=\"es_ES\" \/><input type=\"hidden\" name=\"_wpcf7_unit_tag\" value=\"wpcf7-f4-o1\" \/><input type=\"hidden\" name=\"_wpcf7_container_post\" value=\"0\" \/><input type=\"hidden\" name=\"_wpcf7_posted_data_hash\" value=\"\" \/><input type=\"hidden\" name=\"_wpcf7_recaptcha_response\" value=\"\" \/>\n<\/fieldset>\n<p><label> Name (required)<br \/>\n<span class=\"wpcf7-form-control-wrap\" data-name=\"your-name\"><input size=\"40\" maxlength=\"400\" class=\"wpcf7-form-control wpcf7-text wpcf7-validates-as-required\" aria-required=\"true\" aria-invalid=\"false\" value=\"\" type=\"text\" name=\"your-name\" \/><\/span> <\/label>\n<\/p>\n<p><label> E-mail address (required)<br \/>\n<span class=\"wpcf7-form-control-wrap\" data-name=\"your-email\"><input size=\"40\" maxlength=\"400\" class=\"wpcf7-form-control wpcf7-email wpcf7-validates-as-required wpcf7-text wpcf7-validates-as-email\" aria-required=\"true\" aria-invalid=\"false\" value=\"\" type=\"email\" name=\"your-email\" \/><\/span> <\/label>\n<\/p>\n<p><label> Subject<br \/>\n<span class=\"wpcf7-form-control-wrap\" data-name=\"your-subject\"><input size=\"40\" maxlength=\"400\" class=\"wpcf7-form-control wpcf7-text\" aria-invalid=\"false\" value=\"\" type=\"text\" name=\"your-subject\" \/><\/span> <\/label>\n<\/p>\n<p><label> Your message<br \/>\n<span class=\"wpcf7-form-control-wrap\" data-name=\"your-message\"><textarea cols=\"40\" rows=\"10\" maxlength=\"2000\" class=\"wpcf7-form-control wpcf7-textarea\" aria-invalid=\"false\" name=\"your-message\"><\/textarea><\/span> <\/label>\n<\/p>\n<p><input class=\"wpcf7-form-control wpcf7-submit has-spinner\" type=\"submit\" value=\"Send\" \/>\n<\/p><div class=\"wpcf7-response-output\" aria-hidden=\"true\"><\/div>\n<\/form>\n<\/div>\n[wyde_gmaps height=\u00bb800&#8243; values=\u00bb%5B%7B%22address%22%3A%22Calle%20Plateros%2C%2015%2C%20C%C3%B3rdoba%2C%20Spain%22%2C%22location%22%3A%2237.895134%2C-4.77729%22%7D%5D\u00bb gmaps=\u00bb%7B%22zoom%22%3A16%2C%22type%22%3A%22roadmap%22%2C%22center%22%3A%7B%22lat%22%3A37.895201732076636%2C%22lng%22%3A-4.777289999999994%7D%7D\u00bb][\/vc_column][\/vc_row]<\/p>\n","protected":false},"excerpt":{"rendered":"<p>[vc_row row_style=\u00bbfull-width\u00bb padding_size=\u00bbno-padding\u00bb][vc_column padding_size=\u00bbno-padding\u00bb][wyde_section_separator style=\u00bb2&#8243; reflect=\u00bbreflect-h\u00bb background_color=\u00bb#ffffff\u00bb][\/vc_column][\/vc_row][vc_row padding_size=\u00bbxl-padding\u00bb][vc_column][vc_row_inner][vc_column_inner][vc_empty_space][vc_column_text]Si desea contactarnos sobre cualquiera de nuestros productos o servicios, complete el formulario a continuaci\u00f3n, env\u00edenos un correo electr\u00f3nico o llame directamente a nuestra oficina.[\/vc_column_text][vc_empty_space][vc_column_text]Laboreo Agribusiness Laboreo de Conservaci\u00f3n, S.A. Los Plateros 15. 14006 C\u00f3rdoba, Spain. Tel. (+34) 957 768 048 Fax. (+34) 957 274 500 e-mail: laboreo@laboreo.es[\/vc_column_text][\/vc_column_inner][\/vc_row_inner][vc_empty_space][wyde_gmaps [&hellip;]<\/p>\n","protected":false},"author":1,"featured_media":0,"parent":0,"menu_order":0,"comment_status":"closed","ping_status":"closed","template":"","meta":{"footnotes":""},"class_list":["post-8883","page","type-page","status-publish","hentry"],"_links":{"self":[{"href":"https:\/\/www.laboreo.es\/index.php?rest_route=\/wp\/v2\/pages\/8883","targetHints":{"allow":["GET"]}}],"collection":[{"href":"https:\/\/www.laboreo.es\/index.php?rest_route=\/wp\/v2\/pages"}],"about":[{"href":"https:\/\/www.laboreo.es\/index.php?rest_route=\/wp\/v2\/types\/page"}],"author":[{"embeddable":true,"href":"https:\/\/www.laboreo.es\/index.php?rest_route=\/wp\/v2\/users\/1"}],"replies":[{"embeddable":true,"href":"https:\/\/www.laboreo.es\/index.php?rest_route=%2Fwp%2Fv2%2Fcomments&post=8883"}],"version-history":[{"count":1,"href":"https:\/\/www.laboreo.es\/index.php?rest_route=\/wp\/v2\/pages\/8883\/revisions"}],"predecessor-version":[{"id":8884,"href":"https:\/\/www.laboreo.es\/index.php?rest_route=\/wp\/v2\/pages\/8883\/revisions\/8884"}],"wp:attachment":[{"href":"https:\/\/www.laboreo.es\/index.php?rest_route=%2Fwp%2Fv2%2Fmedia&parent=8883"}],"curies":[{"name":"wp","href":"https:\/\/api.w.org\/{rel}","templated":true}]}}