{"id":8881,"date":"2019-06-18T09:49:27","date_gmt":"2019-06-18T07:49:27","guid":{"rendered":"http:\/\/www.laboreo.es\/?page_id=8881"},"modified":"2019-06-18T10:55:06","modified_gmt":"2019-06-18T08:55:06","slug":"vision-y-mision","status":"publish","type":"page","link":"https:\/\/www.laboreo.es\/?page_id=8881&lang=es","title":{"rendered":"Visi\u00f3n y Misi\u00f3n"},"content":{"rendered":"<p>[vc_row row_style=\u00bbfull-width\u00bb padding_size=\u00bbno-padding\u00bb][vc_column padding_size=\u00bbno-padding\u00bb][wyde_section_separator style=\u00bb5&#8243; background_color=\u00bb#ffffff\u00bb shape_color=\u00bb#3ab45a\u00bb][\/vc_column][\/vc_row][vc_row css=\u00bb.vc_custom_1461762864110{padding-bottom: 30px !important;}\u00bb][vc_column width=\u00bb2\/3&#8243;][vc_empty_space height=\u00bb20px\u00bb][vc_column_text]<strong>VISI\u00d3N<\/strong><\/p>\n<p>La visi\u00f3n de LABOREO se basa en el control total y la trazabilidad de todos los granos que comercializamos, desde la siembra hasta la entrega final, y mostramos un \u00e9nfasis especial en la seguridad alimentaria. Es el mejor sistema para garantizar la calidad y la homogeneidad de las cosechas, combinado con el uso de t\u00e9cnicas de producci\u00f3n sostenibles, que preservan el medio ambiente y los recursos naturales.<\/p>\n<p>LABOREO controla y gestiona la producci\u00f3n de grano en diferentes niveles:<\/p>\n<p>Gesti\u00f3n directa de la finca, perteneciente a la corporaci\u00f3n LABOREO o a nuestros principales socios.<\/p>\n<p>Red de agricultores colaboradores: tenemos una selecci\u00f3n de fincas productoras de granos, que controlamos y evaluamos desde la siembra hasta la cosecha, dentro de las t\u00e9cnicas de agricultura sostenible.<\/p>\n<p>Acuerdos a largo plazo con cooperativas y otros traders.<\/p>\n<p>Almacenamiento controlado de granos cumpliendo con las normas de seguridad alimentaria humana y animal ISO 22000 y GTP. Para los granos ecol\u00f3gicos tambi\u00e9n aplicamos el Reglamento Oficial de la UE a trav\u00e9s de CAAE.<\/p>\n<p>Limpieza espec\u00edfica, cribado y almacenamiento de granos de alta calidad para la industria alimentaria, tanto humana como animal.[\/vc_column_text][\/vc_column][vc_column width=\u00bb1\/3&#8243;][vc_empty_space height=\u00bb20px\u00bb][vc_column_text]<strong>MISI\u00d3N<\/strong><\/p>\n<p>El principal objetivo de LABOREO con nuestros clientes y proveedores es mantener una excelente relaci\u00f3n personal y comercial, a fin de lograr la m\u00e1xima satisfacci\u00f3n de todas las partes dentro de nuestro negocio a corto, mediano y largo plazo.<\/p>\n<p>Nuestra misi\u00f3n es crecer de forma sostenible en t\u00e9rminos de cantidad y calidad de los granos que comercializamos, minimizando riesgos, haciendo que nuestro negocio sea m\u00e1s atractivo y rentable para nuestros clientes y proveedores.[\/vc_column_text][vc_empty_space height=\u00bb60px\u00bb][vc_empty_space][\/vc_column][\/vc_row][vc_row][vc_column][vc_empty_space height=\u00bb10px\u00bb][\/vc_column][\/vc_row]<\/p>\n","protected":false},"excerpt":{"rendered":"<p>[vc_row row_style=\u00bbfull-width\u00bb padding_size=\u00bbno-padding\u00bb][vc_column padding_size=\u00bbno-padding\u00bb][wyde_section_separator style=\u00bb5&#8243; background_color=\u00bb#ffffff\u00bb shape_color=\u00bb#3ab45a\u00bb][\/vc_column][\/vc_row][vc_row css=\u00bb.vc_custom_1461762864110{padding-bottom: 30px !important;}\u00bb][vc_column width=\u00bb2\/3&#8243;][vc_empty_space height=\u00bb20px\u00bb][vc_column_text]VISI\u00d3N La visi\u00f3n de LABOREO se basa en el control total y la trazabilidad de todos los granos que comercializamos, desde la siembra hasta la entrega final, y mostramos un \u00e9nfasis especial en la seguridad alimentaria. Es el mejor sistema para garantizar la calidad [&hellip;]<\/p>\n","protected":false},"author":1,"featured_media":0,"parent":0,"menu_order":0,"comment_status":"closed","ping_status":"closed","template":"","meta":{"footnotes":""},"class_list":["post-8881","page","type-page","status-publish","hentry"],"_links":{"self":[{"href":"https:\/\/www.laboreo.es\/index.php?rest_route=\/wp\/v2\/pages\/8881","targetHints":{"allow":["GET"]}}],"collection":[{"href":"https:\/\/www.laboreo.es\/index.php?rest_route=\/wp\/v2\/pages"}],"about":[{"href":"https:\/\/www.laboreo.es\/index.php?rest_route=\/wp\/v2\/types\/page"}],"author":[{"embeddable":true,"href":"https:\/\/www.laboreo.es\/index.php?rest_route=\/wp\/v2\/users\/1"}],"replies":[{"embeddable":true,"href":"https:\/\/www.laboreo.es\/index.php?rest_route=%2Fwp%2Fv2%2Fcomments&post=8881"}],"version-history":[{"count":1,"href":"https:\/\/www.laboreo.es\/index.php?rest_route=\/wp\/v2\/pages\/8881\/revisions"}],"predecessor-version":[{"id":8882,"href":"https:\/\/www.laboreo.es\/index.php?rest_route=\/wp\/v2\/pages\/8881\/revisions\/8882"}],"wp:attachment":[{"href":"https:\/\/www.laboreo.es\/index.php?rest_route=%2Fwp%2Fv2%2Fmedia&parent=8881"}],"curies":[{"name":"wp","href":"https:\/\/api.w.org\/{rel}","templated":true}]}}