{"id":8853,"date":"2019-06-17T11:34:07","date_gmt":"2019-06-17T09:34:07","guid":{"rendered":"http:\/\/www.laboreo.es\/?page_id=8853"},"modified":"2021-10-04T11:34:11","modified_gmt":"2021-10-04T09:34:11","slug":"certifications","status":"publish","type":"page","link":"https:\/\/www.laboreo.es\/?page_id=8853&lang=es","title":{"rendered":"Certificaciones"},"content":{"rendered":"<p>[vc_row row_style=\u00bbfull-width\u00bb padding_size=\u00bbno-padding\u00bb][vc_column padding_size=\u00bbno-padding\u00bb][wyde_section_separator style=\u00bb2&#8243; reflect=\u00bbreflect-h\u00bb background_color=\u00bb#ffffff\u00bb shape_color=\u00bb#3ab54a\u00bb][\/vc_column][\/vc_row][vc_row padding_size=\u00bbxl-padding\u00bb][vc_column text_align=\u00bbcenter\u00bb width=\u00bb2\/3&#8243; offset=\u00bbvc_col-lg-8 vc_col-md-12&#8243;][vc_custom_heading text=\u00bbCERTIFICACIONES\u00bb font_container=\u00bbtag:p|font_size:40px|text_align:center|line_height:38px\u00bb google_fonts=\u00bbfont_family:Roboto%20Condensed%3A300%2C300italic%2Cregular%2Citalic%2C700%2C700italic|font_style:300%20light%20regular%3A300%3Anormal\u00bb][vc_empty_space height=\u00bb40px\u00bb][vc_column_text]<\/p>\n<p style=\"text-align: left;\"><a href=\"https:\/\/www.laboreo.es\/wp-content\/uploads\/2021\/10\/ISO.-Certificado-hasta-2023.10.11.pdf\"><strong>ISO 22000 por SGS<\/strong><\/a>. Con este certificado, LABOREO garantiza las normas de seguridad alimentaria y la trazabilidad de todas las semillas org\u00e1nicas que comercializamos, desde la siembra hasta la cosecha, el almacenamiento, las operaciones de limpieza de grano y el transporte.<\/p>\n<p style=\"text-align: left;\"><a href=\"https:\/\/www.laboreo.es\/wp-content\/uploads\/2021\/10\/GTP.-Certificado-hasta-2024.09.10.pdf\"><strong>GTP por SGS<\/strong><\/a> (Buenas Pr\u00e1cticas Comerciales, COCERAL). Esta certificaci\u00f3n se centra especialmente en la seguridad de los cereales para la alimentaci\u00f3n animal, aunque tambi\u00e9n implementa esquemas de GTP en cuestiones de alimentos para humanos.<\/p>\n<p style=\"text-align: left;\"><a href=\"https:\/\/www.laboreo.es\/wp-content\/uploads\/2021\/10\/Certificado-hasta-31.12.21.pdf\"><strong>Certificado de Comercio de Granos Org\u00e1nicos<\/strong><\/a> (Certificado No.10218 del Comit\u00e9 Andaluz de Agricultura Org\u00e1nica-CAAE). CAAE es un organismo oficial que regula y controla la agricultura ecol\u00f3gica en Andaluc\u00eda y otras regiones de Espa\u00f1a, con garant\u00eda de origen ecol\u00f3gico y calidad de los granos ecol\u00f3gicos que comercializa LABOREO. Espa\u00f1a es la principal zona de la UE en t\u00e9rminos de producci\u00f3n de cultivos ecol\u00f3gicos y tambi\u00e9n en cuanto a superficie cultivada, y uno de los pa\u00edses con t\u00e9cnicas de producci\u00f3n ecol\u00f3gica m\u00e1s avanzadas del mundo.<\/p>\n<p>[\/vc_column_text][\/vc_column][\/vc_row][vc_row row_style=\u00bbfull-width\u00bb equal_height=\u00bbtrue\u00bb padding_size=\u00bbno-padding\u00bb][vc_column padding_size=\u00bbl-padding\u00bb width=\u00bb1\/3&#8243; background_color=\u00bb#ffffff\u00bb][vc_empty_space height=\u00bb40px\u00bb][vc_single_image style=\u00bbshadow\u00bb alignment=\u00bbcenter\u00bb onclick=\u00bbcustom_link\u00bb image=\u00bb8837&#8243; link=\u00bbhttps:\/\/www.laboreo.es\/wp-content\/uploads\/2021\/10\/ISO.-Certificado-hasta-2023.10.11.pdf\u00bb][vc_empty_space height=\u00bb50px\u00bb][vc_column_text]<\/p>\n<p style=\"text-align: center;\">LABOREO tiene ISO 22000 por SGS desde 2011.<\/p>\n<p>[\/vc_column_text][\/vc_column][vc_column padding_size=\u00bbl-padding\u00bb width=\u00bb1\/3&#8243; background_color=\u00bb#ffffff\u00bb][vc_empty_space height=\u00bb40px\u00bb][vc_single_image alignment=\u00bbcenter\u00bb onclick=\u00bbcustom_link\u00bb image=\u00bb8839&#8243; link=\u00bbhttps:\/\/www.laboreo.es\/wp-content\/uploads\/2021\/10\/GTP.-Certificado-hasta-2024.09.10.pdf\u00bb][vc_empty_space height=\u00bb50px\u00bb][vc_column_text]<\/p>\n<p style=\"text-align: center;\">LABOREO tiene GTP por SGS desde 2014.<\/p>\n<p>[\/vc_column_text][\/vc_column][vc_column text_style=\u00bblight\u00bb padding_size=\u00bbl-padding\u00bb width=\u00bb1\/3&#8243; background_color=\u00bb#ffffff\u00bb][vc_empty_space height=\u00bb40px\u00bb][vc_single_image alignment=\u00bbcenter\u00bb onclick=\u00bbcustom_link\u00bb image=\u00bb8840&#8243; link=\u00bbhttps:\/\/www.laboreo.es\/wp-content\/uploads\/2021\/10\/Certificado-hasta-31.12.21.pdf\u00bb][vc_column_text]<\/p>\n<p style=\"text-align: center;\"><strong><span style=\"color: #333333;\">N\u00ba CAAE 10218<\/span><\/strong><\/p>\n<p>[\/vc_column_text][vc_empty_space height=\u00bb25px\u00bb][vc_column_text]<\/p>\n<p style=\"text-align: center;\">LABOREO tiene Certificado de Comercio de Granos Ecol\u00f3gicos por CAAE desde 2010.<\/p>\n<p>[\/vc_column_text][\/vc_column][\/vc_row][vc_row padding_size=\u00bbxl-padding\u00bb bg_image_url=\u00bbhttp:\/\/wydethemes.com\/gogreen\/wp-content\/uploads\/2016\/04\/gogreen-bg-006-150&#215;150.jpg\u00bb][vc_column text_style=\u00bblight\u00bb text_align=\u00bbcenter\u00bb][vc_empty_space height=\u00bb50px\u00bb][\/vc_column][\/vc_row]<\/p>\n","protected":false},"excerpt":{"rendered":"<p>[vc_row row_style=\u00bbfull-width\u00bb padding_size=\u00bbno-padding\u00bb][vc_column padding_size=\u00bbno-padding\u00bb][wyde_section_separator style=\u00bb2&#8243; reflect=\u00bbreflect-h\u00bb background_color=\u00bb#ffffff\u00bb shape_color=\u00bb#3ab54a\u00bb][\/vc_column][\/vc_row][vc_row padding_size=\u00bbxl-padding\u00bb][vc_column text_align=\u00bbcenter\u00bb width=\u00bb2\/3&#8243; offset=\u00bbvc_col-lg-8 vc_col-md-12&#8243;][vc_custom_heading text=\u00bbCERTIFICACIONES\u00bb font_container=\u00bbtag:p|font_size:40px|text_align:center|line_height:38px\u00bb google_fonts=\u00bbfont_family:Roboto%20Condensed%3A300%2C300italic%2Cregular%2Citalic%2C700%2C700italic|font_style:300%20light%20regular%3A300%3Anormal\u00bb][vc_empty_space height=\u00bb40px\u00bb][vc_column_text] ISO 22000 por SGS. Con este certificado, LABOREO garantiza las normas de seguridad alimentaria y la trazabilidad de todas las semillas org\u00e1nicas que comercializamos, desde la siembra hasta la cosecha, el almacenamiento, las operaciones de limpieza de grano [&hellip;]<\/p>\n","protected":false},"author":1,"featured_media":0,"parent":0,"menu_order":0,"comment_status":"closed","ping_status":"closed","template":"","meta":{"footnotes":""},"class_list":["post-8853","page","type-page","status-publish","hentry"],"_links":{"self":[{"href":"https:\/\/www.laboreo.es\/index.php?rest_route=\/wp\/v2\/pages\/8853","targetHints":{"allow":["GET"]}}],"collection":[{"href":"https:\/\/www.laboreo.es\/index.php?rest_route=\/wp\/v2\/pages"}],"about":[{"href":"https:\/\/www.laboreo.es\/index.php?rest_route=\/wp\/v2\/types\/page"}],"author":[{"embeddable":true,"href":"https:\/\/www.laboreo.es\/index.php?rest_route=\/wp\/v2\/users\/1"}],"replies":[{"embeddable":true,"href":"https:\/\/www.laboreo.es\/index.php?rest_route=%2Fwp%2Fv2%2Fcomments&post=8853"}],"version-history":[{"count":5,"href":"https:\/\/www.laboreo.es\/index.php?rest_route=\/wp\/v2\/pages\/8853\/revisions"}],"predecessor-version":[{"id":9055,"href":"https:\/\/www.laboreo.es\/index.php?rest_route=\/wp\/v2\/pages\/8853\/revisions\/9055"}],"wp:attachment":[{"href":"https:\/\/www.laboreo.es\/index.php?rest_route=%2Fwp%2Fv2%2Fmedia&parent=8853"}],"curies":[{"name":"wp","href":"https:\/\/api.w.org\/{rel}","templated":true}]}}