{"id":8849,"date":"2019-06-17T10:22:31","date_gmt":"2019-06-17T08:22:31","guid":{"rendered":"http:\/\/www.laboreo.es\/?page_id=8849"},"modified":"2019-06-18T10:54:36","modified_gmt":"2019-06-18T08:54:36","slug":"medio-ambiente","status":"publish","type":"page","link":"https:\/\/www.laboreo.es\/?page_id=8849&lang=es","title":{"rendered":"Medio Ambiente"},"content":{"rendered":"<p>[vc_row row_style=\u00bbfull-width\u00bb padding_size=\u00bbno-padding\u00bb][vc_column padding_size=\u00bbno-padding\u00bb][wyde_section_separator reflect=\u00bbreflect-h\u00bb background_color=\u00bb#ffffff\u00bb shape_color=\u00bb#3ab54a\u00bb][\/vc_column][\/vc_row][vc_row][vc_column width=\u00bb1\/4&#8243;][wyde_heading style=\u00bb8&#8243; text_align=\u00bbleft\u00bb title=\u00bbUso racional y sostenible de los recursos naturales\u00bb][vc_empty_space height=\u00bb20px\u00bb][\/vc_column][vc_column width=\u00bb3\/4&#8243;][vc_empty_space height=\u00bb20px\u00bb][vc_row_inner][vc_column_inner padding_size=\u00bbno-padding\u00bb width=\u00bb2\/3&#8243;][vc_column_text]<\/p>\n<h5><span style=\"color: #3ab54a;\"><span style=\"color: #000000;\"><span style=\"color: #3ab54a;\">E<span style=\"color: #000000;\">ntorno<\/span><\/span><\/span><span style=\"color: #3ab54a;\"> N<span style=\"color: #000000;\">atural<\/span><\/span><\/span><\/h5>\n<p>[\/vc_column_text][\/vc_column_inner][vc_column_inner width=\u00bb1\/3&#8243; offset=\u00bbvc_hidden-sm vc_hidden-xs\u00bb][\/vc_column_inner][\/vc_row_inner][vc_empty_space height=\u00bb20px\u00bb][vc_column_text]Un porcentaje significativo de los productos comercializados por LABOREO se producen en granjas org\u00e1nicas colaboradoras, que LABOREO aconseja o supervisa agron\u00f3micamente directamente en t\u00e9rminos de manejo de cultivos.<\/p>\n<p>La producci\u00f3n de las semillas org\u00e1nicas comercializadas por LABOREO se basa en el uso racional y sostenible de los recursos naturales, mediante la implementaci\u00f3n de t\u00e9cnicas de agricultura de conservaci\u00f3n org\u00e1nica, que mejoran y preservan el suelo y el entorno natural.<\/p>\n<p>La ideal rotaci\u00f3n de cultivos junto con t\u00e9cnicas de agricultura de conservaci\u00f3n, tanto producci\u00f3n integrada como ecol\u00f3gica se utilizan en nuestras fincas para minimizar la erosi\u00f3n del suelo, potenciar el uso del agua, mejorar la fertilidad y la estructura del suelo y reducir los costos de producci\u00f3n.<\/p>\n<p>Todas estas nuevas t\u00e9cnicas de cultivo nos permiten producir granos de alta calidad de una manera m\u00e1s competitiva y respetuosa con el medio ambiente, para lograr producciones sostenibles.[\/vc_column_text][vc_empty_space height=\u00bb40px\u00bb][\/vc_column][\/vc_row]<\/p>\n","protected":false},"excerpt":{"rendered":"<p>[vc_row row_style=\u00bbfull-width\u00bb padding_size=\u00bbno-padding\u00bb][vc_column padding_size=\u00bbno-padding\u00bb][wyde_section_separator reflect=\u00bbreflect-h\u00bb background_color=\u00bb#ffffff\u00bb shape_color=\u00bb#3ab54a\u00bb][\/vc_column][\/vc_row][vc_row][vc_column width=\u00bb1\/4&#8243;][wyde_heading style=\u00bb8&#8243; text_align=\u00bbleft\u00bb title=\u00bbUso racional y sostenible de los recursos naturales\u00bb][vc_empty_space height=\u00bb20px\u00bb][\/vc_column][vc_column width=\u00bb3\/4&#8243;][vc_empty_space height=\u00bb20px\u00bb][vc_row_inner][vc_column_inner padding_size=\u00bbno-padding\u00bb width=\u00bb2\/3&#8243;][vc_column_text] Entorno Natural [\/vc_column_text][\/vc_column_inner][vc_column_inner width=\u00bb1\/3&#8243; offset=\u00bbvc_hidden-sm vc_hidden-xs\u00bb][\/vc_column_inner][\/vc_row_inner][vc_empty_space height=\u00bb20px\u00bb][vc_column_text]Un porcentaje significativo de los productos comercializados por LABOREO se producen en granjas org\u00e1nicas colaboradoras, que LABOREO aconseja o supervisa agron\u00f3micamente directamente en t\u00e9rminos de manejo [&hellip;]<\/p>\n","protected":false},"author":2,"featured_media":0,"parent":0,"menu_order":0,"comment_status":"closed","ping_status":"closed","template":"","meta":{"footnotes":""},"class_list":["post-8849","page","type-page","status-publish","hentry"],"_links":{"self":[{"href":"https:\/\/www.laboreo.es\/index.php?rest_route=\/wp\/v2\/pages\/8849","targetHints":{"allow":["GET"]}}],"collection":[{"href":"https:\/\/www.laboreo.es\/index.php?rest_route=\/wp\/v2\/pages"}],"about":[{"href":"https:\/\/www.laboreo.es\/index.php?rest_route=\/wp\/v2\/types\/page"}],"author":[{"embeddable":true,"href":"https:\/\/www.laboreo.es\/index.php?rest_route=\/wp\/v2\/users\/2"}],"replies":[{"embeddable":true,"href":"https:\/\/www.laboreo.es\/index.php?rest_route=%2Fwp%2Fv2%2Fcomments&post=8849"}],"version-history":[{"count":3,"href":"https:\/\/www.laboreo.es\/index.php?rest_route=\/wp\/v2\/pages\/8849\/revisions"}],"predecessor-version":[{"id":8880,"href":"https:\/\/www.laboreo.es\/index.php?rest_route=\/wp\/v2\/pages\/8849\/revisions\/8880"}],"wp:attachment":[{"href":"https:\/\/www.laboreo.es\/index.php?rest_route=%2Fwp%2Fv2%2Fmedia&parent=8849"}],"curies":[{"name":"wp","href":"https:\/\/api.w.org\/{rel}","templated":true}]}}