{"id":76,"date":"2016-05-10T10:55:26","date_gmt":"2016-05-10T10:55:26","guid":{"rendered":"http:\/\/wydethemes.com\/gogreen\/?page_id=76"},"modified":"2019-06-18T13:26:58","modified_gmt":"2019-06-18T11:26:58","slug":"about-us","status":"publish","type":"page","link":"https:\/\/www.laboreo.es\/?page_id=76","title":{"rendered":"Rechtlicher Hinweis"},"content":{"rendered":"<p>[vc_row row_style=\u00bbfull-width\u00bb padding_size=\u00bbno-padding\u00bb][vc_column padding_size=\u00bbno-padding\u00bb][wyde_section_separator style=\u00bb3&#8243; background_color=\u00bb#ffffff\u00bb shape_color=\u00bb#3ab54a\u00bb][\/vc_column][\/vc_row][vc_row][vc_column][wyde_heading style=\u00bb8&#8243; text_align=\u00bbleft\u00bb title=\u00bbAllgemeine Nutzungsbedingungen\u00bb subheading=\u00bb01&#8243;][vc_empty_space][vc_column_text]Diese gesetzlichen Bestimmungen regeln die zul\u00e4ssige Nutzung dieser Website, die LABOREO Internetbenutzern zur Verf\u00fcgung stellt. Wenn Sie mit diesen rechtlichen Bedingungen nicht zufrieden sind, m\u00fcssen Sie diese Webseite verlassen.<\/p>\n<p>LABOREO \u00fcbernimmt keine Haftung f\u00fcr die Richtigkeit, Aktualit\u00e4t und Vollst\u00e4ndigkeit der hier bereitgestellten Informationen.<\/p>\n<p>Der Zugriff und \/ oder die Nutzung dieser Website von LABOREO f\u00fchrt die Bedingung des BENUTZERS an, der durch den Zugriff und \/ oder die Nutzung der hier aufgef\u00fchrten Allgemeinen Nutzungsbedingungen zustimmt. Die vorstehenden Bedingungen werden unabh\u00e4ngig von den in ihrem Fall zwingenden Allgemeinen Vertragsbedingungen angewendet.<\/p>\n<p>LABOREO beh\u00e4lt sich das Recht vor, unser Angebot ganz oder teilweise ohne vorherige Ank\u00fcndigung zu \u00e4ndern und diese Website vor\u00fcbergehend oder endg\u00fcltig zu l\u00f6schen.<\/p>\n<p>LABOREO \u00fcbernimmt keine Verantwortung f\u00fcr den Inhalt und die Information von direkten oder indirekten Links zu anderen Webseiten (Hyperlinks), die von dieser Webseite aus m\u00f6glich sind.<\/p>\n<p>LABOREO haftet in keinem Fall f\u00fcr Sch\u00e4den jeglicher Art, die beispielsweise verursacht werden k\u00f6nnen: Fehler oder Auslassungen im Inhalt, mangelnde Verf\u00fcgbarkeit des Portals oder die \u00dcbertragung von Viren oder sch\u00e4dlichen oder sch\u00e4dlichen Programmen im Inhalt. Trotz aller notwendigen technischen Ma\u00dfnahmen, um dies zu vermeiden.<\/p>\n<p>Die Vervielf\u00e4ltigung oder Verwendung von Grafiken, Tondokumenten, Videosequenzen und Texten innerhalb dieser Webseite ist ohne die ausdr\u00fcckliche Genehmigung von LABOREO nicht gestattet.<\/p>\n<p>Alle pers\u00f6nlichen oder gesch\u00e4ftlichen Daten (E-Mail-Adressen, Namen, Anschriften), die Sie auf dieser Website erhalten, werden auf freiwilliger Basis zur Verf\u00fcgung gestellt und nur intern verwendet.[\/vc_column_text][\/vc_column][\/vc_row][vc_row][vc_column][wyde_heading style=\u00bb8&#8243; text_align=\u00bbleft\u00bb title=\u00bbNutzung der Web\u00bb subheading=\u00bb02&#8243;][vc_empty_space][vc_column_text]Der Nutzer erkl\u00e4rt sich damit einverstanden, die Website, die Dienste und deren Inhalte gewissenhaft, korrekt und rechtm\u00e4\u00dfig zu nutzen und muss insbesondere Folgendes unterlassen:<\/p>\n<p>Beseitigung, Umgehung oder Manipulation des \u00abUrheberrechts\u00bb und anderer Daten, die die in den Inhalten enthaltenen Rechte ihrer Eigent\u00fcmer angeben, sowie der technischen Schutzeinrichtungen oder eines Informationsmechanismus, der den Inhalt enthalten kann; Geben Sie Programme, Viren, Makros oder ein anderes logisches Ger\u00e4t oder eine Folge von Zeichen ein, die \u00c4nderungen an der Webseite oder den Computersystemen verursachen oder verursachen k\u00f6nnen, die dies unterst\u00fctzen.<\/p>\n<p>Verwenden oder Installieren von Programmen oder Ger\u00e4ten, die die von LABOREO festgelegten Sicherheitskontrollen oder Kennw\u00f6rter ung\u00fcltig machen k\u00f6nnen, und die das Entschl\u00fcsseln von Verschl\u00fcsselungsschl\u00fcsseln, -systemen oder -algorithmen oder anderer Sicherheitselemente der Website oder eines ihrer Benutzer nicht zulassen. Machen Sie eine Kopie oder einen Screenshot der Website ohne die ausdr\u00fcckliche Genehmigung von LABOREO. Erstellen Sie Kopien oder Versionen der Website oder des Quellcodes ohne die ausdr\u00fcckliche Zustimmung von LABOREO. Verhalten Sie sich rechtswidrig oder nach Treu und Glauben.[\/vc_column_text][\/vc_column][\/vc_row][vc_row][vc_column][wyde_heading style=\u00bb8&#8243; text_align=\u00bbleft\u00bb title=\u00bbAusschlussrecht\u00bb subheading=\u00bb03&#8243;][vc_empty_space][vc_column_text]LABOREO beh\u00e4lt sich das Recht vor, den Zugang zu dem Portal und \/ oder den angebotenen Diensten ohne vorherige Ank\u00fcndigung in seinem eigenen Namen oder durch einen Dritten f\u00fcr diejenigen Benutzer zu verweigern oder zu widerrufen, die diese Allgemeinen Nutzungsbedingungen nicht einhalten.[\/vc_column_text][\/vc_column][\/vc_row][vc_row][vc_column][wyde_heading style=\u00bb8&#8243; text_align=\u00bbleft\u00bb title=\u00bbAllgemeines\u00bb subheading=\u00bb04&#8243;][vc_empty_space][vc_column_text]LABOREO wird den Versto\u00df gegen diese Bedingungen sowie den Missbrauch seiner Website durchsetzen und alle zivil- und strafrechtlichen Schritte einleiten, die dem Gesetz entsprechen.[\/vc_column_text][\/vc_column][\/vc_row][vc_row][vc_column][vc_row_inner][vc_column_inner][wyde_heading style=\u00bb8&#8243; text_align=\u00bbleft\u00bb title=\u00bbGeistiges und Gewerbliches Eigentum\u00bb subheading=\u00bb05&#8243;][vc_empty_space][vc_column_text]LABOREO ist Inhaber aller geistigen und gewerblichen Schutzrechte seiner Website sowie der darin enthaltenen Elemente (z. B. Bilder, Ton, Audio, Video, Software oder Texte, Marken oder Logos, Farbkombinationen, Struktur und Design, Auswahl der verwendeten Materialien, Computerprogramme, die f\u00fcr den Betrieb, den Zugriff und die Verwendung usw. erforderlich sind), Eigentum von LABOREO oder seinen Lizenzgebern.<\/p>\n<p>Alle Rechte vorbehalten Gem\u00e4\u00df den Bestimmungen des Gesetzes \u00fcber geistiges Eigentum ist die Vervielf\u00e4ltigung, Verbreitung und \u00f6ffentliche Kommunikation, einschlie\u00dflich der Form, in der sie zur Verf\u00fcgung stehen, ganz oder teilweise f\u00fcr den Inhalt dieser Website zu kommerziellen Zwecken in allen Medien ausdr\u00fccklich untersagt und durch technische Mittel ohne Genehmigung von LABOREO.<\/p>\n<p>Der NUTZER verpflichtet sich, die Rechte des geistigen und gewerblichen Eigentums von LABOREO zu respektieren. Sie k\u00f6nnen die Elemente des Portals anzeigen und sogar drucken, kopieren und auf der Festplatte Ihres Computers oder auf einem anderen physischen Medium speichern, sofern dies ausschlie\u00dflich f\u00fcr Ihren pers\u00f6nlichen und privaten Gebrauch bestimmt ist. Der BENUTZER darf keine Schutzger\u00e4te oder Sicherheitssysteme entfernen, \u00e4ndern, umgehen oder manipulieren, die auf den Seiten von LABOREO installiert wurden.[\/vc_column_text][\/vc_column_inner][\/vc_row_inner][\/vc_column][\/vc_row][vc_row][vc_column][wyde_heading style=\u00bb8&#8243; text_align=\u00bbleft\u00bb title=\u00bbGesetzgebung und Gerichtsstand\u00bb subheading=\u00bb06&#8243;][vc_empty_space][vc_column_text]Diese Website unterliegt spanischem Recht. Im Falle von Kontroversen oder Kontroversen, die sich aus der Nutzung dieser Website ergeben, unterwerfen sich beide Parteien der Gerichtsbarkeit der Gerichte der Stadt C\u00f3rdoba (Spanien). Diese Pr\u00e4sentationsklausel, die vor den Gerichten der Stadt C\u00f3rdoba (Spanien) zum Ausdruck kommt, gilt nicht f\u00fcr Streitf\u00e4lle mit Internetnutzern, die nach geltendem Recht den Status eines Verbrauchers haben, in beiden F\u00e4llen Parteien unterliegen der Gerichtsbarkeit der Gerichte und Wohngerichte des Verbrauchers.[\/vc_column_text][vc_empty_space height=\u00bb100px\u00bb][\/vc_column][\/vc_row]<\/p>\n","protected":false},"excerpt":{"rendered":"<p>[vc_row row_style=\u00bbfull-width\u00bb padding_size=\u00bbno-padding\u00bb][vc_column padding_size=\u00bbno-padding\u00bb][wyde_section_separator style=\u00bb3&#8243; background_color=\u00bb#ffffff\u00bb shape_color=\u00bb#3ab54a\u00bb][\/vc_column][\/vc_row][vc_row][vc_column][wyde_heading style=\u00bb8&#8243; text_align=\u00bbleft\u00bb title=\u00bbAllgemeine Nutzungsbedingungen\u00bb subheading=\u00bb01&#8243;][vc_empty_space][vc_column_text]Diese gesetzlichen Bestimmungen regeln die zul\u00e4ssige Nutzung dieser Website, die LABOREO Internetbenutzern zur Verf\u00fcgung stellt. Wenn Sie mit diesen rechtlichen Bedingungen nicht zufrieden sind, m\u00fcssen Sie diese Webseite verlassen. LABOREO \u00fcbernimmt keine Haftung f\u00fcr die Richtigkeit, Aktualit\u00e4t und Vollst\u00e4ndigkeit der hier bereitgestellten Informationen. Der [&hellip;]<\/p>\n","protected":false},"author":1,"featured_media":0,"parent":0,"menu_order":0,"comment_status":"closed","ping_status":"closed","template":"","meta":{"footnotes":""},"class_list":["post-76","page","type-page","status-publish","hentry"],"_links":{"self":[{"href":"https:\/\/www.laboreo.es\/index.php?rest_route=\/wp\/v2\/pages\/76","targetHints":{"allow":["GET"]}}],"collection":[{"href":"https:\/\/www.laboreo.es\/index.php?rest_route=\/wp\/v2\/pages"}],"about":[{"href":"https:\/\/www.laboreo.es\/index.php?rest_route=\/wp\/v2\/types\/page"}],"author":[{"embeddable":true,"href":"https:\/\/www.laboreo.es\/index.php?rest_route=\/wp\/v2\/users\/1"}],"replies":[{"embeddable":true,"href":"https:\/\/www.laboreo.es\/index.php?rest_route=%2Fwp%2Fv2%2Fcomments&post=76"}],"version-history":[{"count":3,"href":"https:\/\/www.laboreo.es\/index.php?rest_route=\/wp\/v2\/pages\/76\/revisions"}],"predecessor-version":[{"id":8939,"href":"https:\/\/www.laboreo.es\/index.php?rest_route=\/wp\/v2\/pages\/76\/revisions\/8939"}],"wp:attachment":[{"href":"https:\/\/www.laboreo.es\/index.php?rest_route=%2Fwp%2Fv2%2Fmedia&parent=76"}],"curies":[{"name":"wp","href":"https:\/\/api.w.org\/{rel}","templated":true}]}}